{"id":205736,"date":"2020-07-21T01:37:57","date_gmt":"2020-07-21T01:37:57","guid":{"rendered":"https:\/\/gameloop.co\/?page_id=205736"},"modified":"2024-11-12T03:32:03","modified_gmt":"2024-11-12T03:32:03","slug":"equipo","status":"publish","type":"page","link":"https:\/\/gameloop.co\/es\/equipo\/","title":{"rendered":"Equipo"},"content":{"rendered":"<p>[vc_row color=\u00bbcolor4&#8243; text_color=\u00bbcolor1&#8243; global_atts=\u00bbyes\u00bb id=\u00bbthe-team\u00bb bg_color=\u00bb\u00bb][vc_column width=\u00bb1\/2&#8243;][vc_single_image image=\u00bb207140&#8243; img_size=\u00bbmedium\u00bb][vc_column_text]<\/p>\n<h4>Carlos Herrera<\/h4>\n<p>Carlos ha estudiado ingenier\u00eda de sistemas, cine y televisi\u00f3n, comunicaci\u00f3n social y humanidades digitales. Es apasionado de los proyectos digitales y cuenta con m\u00e1s de veinte a\u00f1os de experiencia en la conceptualizaci\u00f3n, el dise\u00f1o y el desarrollo de iniciativas digitales de diversa \u00edndole. Gaming Culture y Mankala Studio son algunas de las empresas en las que Carlos ha trabajado en el desarrollo de prototipos y portales para videojuegos. Desde hace algo m\u00e1s de una d\u00e9cada se dedica al estudio acad\u00e9mico de los videojuegos como medio de comunicaci\u00f3n, adem\u00e1s de dirigir y participar de manera activa en los proyectos de GameLoop.<\/p>\n<p>En los \u00faltimos a\u00f1os, ha realizado varios trabajos de investigaci\u00f3n en este campo. Primero, complet\u00f3 su tesis titulada \u201cInvasores del espacio en la Galaxia Gutenberg\u201d (<a href=\"http:\/\/carlosherrera.co\/tesis\/Tesis_Carlos_Herrera.pdf\" target=\"_blank\" rel=\"noopener\">http:\/\/carlosherrera.co\/tesis\/Tesis_Carlos_Herrera.pdf<\/a>), que explora a los videojuegos como medio de comunicaci\u00f3n. Posteriormente, obtuvo su Maestr\u00eda en Humanidades Digitales en la Universidad de Los Andes, donde realiz\u00f3 una investigaci\u00f3n sobre la representaci\u00f3n de la identidad cultural colombiana en los videojuegos, titulada \u201cVideojuegos y representaci\u00f3n cultural en Colombia\u201d (<a href=\"https:\/\/repositorio.uniandes.edu.co\/entities\/publication\/99a794b3-63a7-4225-a559-be9af7e15993\" target=\"_blank\" rel=\"noopener\">https:\/\/repositorio.uniandes.edu.co\/entities\/publication\/99a794b3-63a7-4225-a559-be9af7e15993<\/a>). Actualmente, es candidato a doctor en la Universidad Javeriana, donde su investigaci\u00f3n se enfoca en profundizar la relaci\u00f3n entre las mec\u00e1nicas de los videojuegos y las representaciones culturales.<\/p>\n<p>Para conocer m\u00e1s de Carlos: <a href=\"https:\/\/carlosherrera.co\/\" target=\"_blank\" rel=\"noopener\">https:\/\/carlosherrera.co\/<\/a>[\/vc_column_text][\/vc_column][vc_column width=\u00bb1\/2&#8243;][vc_single_image image=\u00bb207134&#8243; img_size=\u00bbmedium\u00bb][vc_column_text]<\/p>\n<h4>Jorge Hern\u00e1ndez<\/h4>\n<p>\u00a1Jorge vive por y para las historias! Es autor de <em>Maten al Youtuber<\/em>, su primera novela, y su pasi\u00f3n por escribir lo ha llevado a ser uno de los ganadores del primer Concurso de Relatos de Ciencia Ficci\u00f3n Sobre Ciencias, de Colciencias y Editorial Planeta, en 2019. Jorge es periodista de profesi\u00f3n; ha fungido como redactor de El Tiempo, El Espectador, Revista Esquire, adem\u00e1s de revistas especializadas de tecnolog\u00eda como Canal Inform\u00e1tico, Revista Empresario y Revista Gamers-On; y como libretista de estudio para canales como ESPN y RCN. En GameLoop, Jorge es nuestro l\u00edder del dise\u00f1o narrativo y de guion, por supuesto.<\/p>\n<p style=\"text-align: left;\">Igualmente ha generado estrategias puntuales de contenido en radio y televisi\u00f3n con entidades como el Ministerio de Comunicaciones (proyecto Enlace), la Alcald\u00eda de Bogot\u00e1 (UCPI), la Universidad Javeriana y el Sistema de Medios P\u00fablicos (Se\u00f1al Memoria de Se\u00f1al Colombia), entre otros.<\/p>\n<p style=\"text-align: left;\">Para conocer m\u00e1s de Jorge: <a href=\"https:\/\/jcolilla.com\/\" target=\"_blank\" rel=\"noopener noreferrer\">jcolilla.com\/<\/a><\/p>\n<p>[\/vc_column_text][\/vc_column][\/vc_row]<\/p>\n","protected":false},"excerpt":{"rendered":"<p>[vc_row color=\u00bbcolor4&#8243; text_color=\u00bbcolor1&#8243; global_atts=\u00bbyes\u00bb id=\u00bbthe-team\u00bb bg_color=\u00bb\u00bb][vc_column width=\u00bb1\/2&#8243;][vc_single_image image=\u00bb207140&#8243; img_size=\u00bbmedium\u00bb][vc_column_text] Carlos Herrera Carlos ha estudiado ingenier\u00eda de sistemas, cine y televisi\u00f3n, comunicaci\u00f3n social y humanidades digitales. Es apasionado de los proyectos digitales y cuenta con m\u00e1s de veinte a\u00f1os de experiencia en la conceptualizaci\u00f3n, el dise\u00f1o y el desarrollo de iniciativas digitales de diversa [&hellip;]<\/p>\n","protected":false},"author":1,"featured_media":0,"parent":0,"menu_order":0,"comment_status":"closed","ping_status":"closed","template":"","meta":{"footnotes":""},"class_list":["post-205736","page","type-page","status-publish","hentry"],"_links":{"self":[{"href":"https:\/\/gameloop.co\/es\/wp-json\/wp\/v2\/pages\/205736","targetHints":{"allow":["GET"]}}],"collection":[{"href":"https:\/\/gameloop.co\/es\/wp-json\/wp\/v2\/pages"}],"about":[{"href":"https:\/\/gameloop.co\/es\/wp-json\/wp\/v2\/types\/page"}],"author":[{"embeddable":true,"href":"https:\/\/gameloop.co\/es\/wp-json\/wp\/v2\/users\/1"}],"replies":[{"embeddable":true,"href":"https:\/\/gameloop.co\/es\/wp-json\/wp\/v2\/comments?post=205736"}],"version-history":[{"count":13,"href":"https:\/\/gameloop.co\/es\/wp-json\/wp\/v2\/pages\/205736\/revisions"}],"predecessor-version":[{"id":207145,"href":"https:\/\/gameloop.co\/es\/wp-json\/wp\/v2\/pages\/205736\/revisions\/207145"}],"wp:attachment":[{"href":"https:\/\/gameloop.co\/es\/wp-json\/wp\/v2\/media?parent=205736"}],"curies":[{"name":"wp","href":"https:\/\/api.w.org\/{rel}","templated":true}]}}