{"id":206771,"date":"2022-11-14T19:51:15","date_gmt":"2022-11-14T19:51:15","guid":{"rendered":"https:\/\/gameloop.co\/?page_id=206771"},"modified":"2023-01-07T03:51:10","modified_gmt":"2023-01-07T03:51:10","slug":"podcast","status":"publish","type":"page","link":"https:\/\/gameloop.co\/es\/podcast\/","title":{"rendered":"Podcast"},"content":{"rendered":"<p>[vc_row row_content_width=\u00bbgrid\u00bb bg_image_repeat=\u00bbcover\u00bb vertical_align=\u00bbmiddle\u00bb center_content=\u00bbyes\u00bb bg_color=\u00bb\u00bb bg_image=\u00bb759&#8243;][vc_column][vc_column_text]<strong>Videojuegos y representaci\u00f3n cultural en Colombia<\/strong>[\/vc_column_text][vc_empty_space][vc_column_text]El objetivo de este podcast es explorar la forma en la que el videojuego se ha convertido en un medio para construir representaciones culturales, particularmente en Colombia. Es por esto que a lo largo de diferentes episodios se ha explorado la definici\u00f3n de lo que es un videojuego y su alcance m\u00e1s all\u00e1 del entretenimiento, entre otros temas.[\/vc_column_text][vc_empty_space][vc_column_text]<iframe loading=\"lazy\" src=\"https:\/\/widget.spreaker.com\/player?episode_id=51882447&amp;theme=light&amp;playlist=show&amp;playlist-continuous=false&amp;chapters-image=true&amp;episode_image_position=right&amp;hide-logo=false&amp;hide-likes=false&amp;hide-comments=false&amp;hide-sharing=false&amp;hide-download=true\" width=\"100%\" height=\"350px\" frameborder=\"0\"><\/iframe>[\/vc_column_text][\/vc_column][\/vc_row]<\/p>\n","protected":false},"excerpt":{"rendered":"<p>[vc_row row_content_width=\u00bbgrid\u00bb bg_image_repeat=\u00bbcover\u00bb vertical_align=\u00bbmiddle\u00bb center_content=\u00bbyes\u00bb bg_color=\u00bb\u00bb bg_image=\u00bb759&#8243;][vc_column][vc_column_text]Videojuegos y representaci\u00f3n cultural en Colombia[\/vc_column_text][vc_empty_space][vc_column_text]El objetivo de este podcast es explorar la forma en la que el videojuego se ha convertido en un medio para construir representaciones culturales, particularmente en Colombia. Es por esto que a lo largo de diferentes episodios se ha explorado la definici\u00f3n [&hellip;]<\/p>\n","protected":false},"author":1,"featured_media":0,"parent":0,"menu_order":0,"comment_status":"closed","ping_status":"closed","template":"","meta":{"footnotes":""},"class_list":["post-206771","page","type-page","status-publish","hentry"],"_links":{"self":[{"href":"https:\/\/gameloop.co\/es\/wp-json\/wp\/v2\/pages\/206771","targetHints":{"allow":["GET"]}}],"collection":[{"href":"https:\/\/gameloop.co\/es\/wp-json\/wp\/v2\/pages"}],"about":[{"href":"https:\/\/gameloop.co\/es\/wp-json\/wp\/v2\/types\/page"}],"author":[{"embeddable":true,"href":"https:\/\/gameloop.co\/es\/wp-json\/wp\/v2\/users\/1"}],"replies":[{"embeddable":true,"href":"https:\/\/gameloop.co\/es\/wp-json\/wp\/v2\/comments?post=206771"}],"version-history":[{"count":13,"href":"https:\/\/gameloop.co\/es\/wp-json\/wp\/v2\/pages\/206771\/revisions"}],"predecessor-version":[{"id":206795,"href":"https:\/\/gameloop.co\/es\/wp-json\/wp\/v2\/pages\/206771\/revisions\/206795"}],"wp:attachment":[{"href":"https:\/\/gameloop.co\/es\/wp-json\/wp\/v2\/media?parent=206771"}],"curies":[{"name":"wp","href":"https:\/\/api.w.org\/{rel}","templated":true}]}}