{"id":206875,"date":"2024-08-25T00:13:41","date_gmt":"2024-08-25T00:13:41","guid":{"rendered":"https:\/\/gameloop.co\/?page_id=206875"},"modified":"2024-11-12T04:54:26","modified_gmt":"2024-11-12T04:54:26","slug":"acerca-de","status":"publish","type":"page","link":"https:\/\/gameloop.co\/es\/acerca-de\/","title":{"rendered":"Acerca de"},"content":{"rendered":"<p>[vc_row][vc_column][\/vc_column][\/vc_row][vc_row row_content_width=\u00bbgrid\u00bb bg_image_repeat=\u00bbcover\u00bb vertical_align=\u00bbmiddle\u00bb center_content=\u00bbyes\u00bb bg_color=\u00bb\u00bb bg_image=\u00bb759&#8243;][vc_column][vc_empty_space][vc_column_text]Somos una empresa colombiana que se fund\u00f3 en 2019 a partir del inter\u00e9s de explorar las posibilidades del videojuego como lenguaje, como medio de expresi\u00f3n y como una herramienta de representaci\u00f3n cultural. Los proyectos que desarrollamos tienen un objetivo acad\u00e9mico y cultural, siempre mediados por la curiosidad de hallar nuevas maneras de abordar y reflexionar acerca de determinados contextos y fen\u00f3menos sociales.<\/p>\n<p>Por medio del desarrollo de proyectos como Pasajeros, Libertad y XANTAF3, hemos encontrado nuevas formas de narrar m\u00faltiples realidades, especialmente del contexto colombiano. Representar a trav\u00e9s del videojuego la diversidad de escenarios, personajes y relatos que hacen parte de nuestras historias e identidades, nos ha permitido \u2014como creadores, desarrolladores y consumidores\u2014 repensar el lugar del videojuego en la coyuntura actual y considerar la capacidad que como medio de expresi\u00f3n tiene para generar di\u00e1logos e interacciones potentes entre creadores y jugadores.<\/p>\n<p>S\u00edguenos leyendo y conoce un poco m\u00e1s acerca de nuestros proyectos y nuestro equipo, un grupo de entusiastas de los videojuegos con formaci\u00f3n en diferentes disciplinas y con experiencias profesionales diversas, pero con un objetivo com\u00fan: hacer de los videojuegos y de GameLoop una v\u00eda para re-pensarnos este mundo, nuestro mundo, de otra manera[\/vc_column_text][vc_empty_space][\/vc_column][\/vc_row][vc_row][vc_column]<div class=\"edgtf-image-gallery edgtf-grid-list edgtf-grid-masonry-list edgtf-disable-bottom-space  edgtf-ig-masonry-type edgtf-three-columns edgtf-huge-space  \">\n\t<div class=\"edgtf-ig-inner edgtf-outer-space edgtf-masonry-list-wrapper\">\n\t\t<div class=\"edgtf-masonry-grid-sizer\"><\/div>\n\t\t<div class=\"edgtf-masonry-grid-gutter\"><\/div>\n\t\t\t\t\t\t\t\t<div class=\"edgtf-ig-image edgtf-item-space \">\n\t\t\t\t<div class=\"edgtf-ig-image-inner\">\n\t\t\t\t\t\t\t\t\t\t\t<img loading=\"lazy\" decoding=\"async\" width=\"1236\" height=\"1600\" src=\"https:\/\/gameloop.co\/wp-content\/uploads\/2024\/08\/portada_pasajeros.jpg\" class=\"attachment-full size-full\" alt=\"\" srcset=\"https:\/\/gameloop.co\/wp-content\/uploads\/2024\/08\/portada_pasajeros.jpg 1236w, https:\/\/gameloop.co\/wp-content\/uploads\/2024\/08\/portada_pasajeros-232x300.jpg 232w, https:\/\/gameloop.co\/wp-content\/uploads\/2024\/08\/portada_pasajeros-791x1024.jpg 791w, https:\/\/gameloop.co\/wp-content\/uploads\/2024\/08\/portada_pasajeros-768x994.jpg 768w, https:\/\/gameloop.co\/wp-content\/uploads\/2024\/08\/portada_pasajeros-1187x1536.jpg 1187w\" sizes=\"auto, (max-width: 1236px) 100vw, 1236px\" \/>\t\t\t\t\t\t\t\t\t<\/div>\n\t\t\t<\/div>\n\t\t\t\t\t\t\t\t<div class=\"edgtf-ig-image edgtf-item-space \">\n\t\t\t\t<div class=\"edgtf-ig-image-inner\">\n\t\t\t\t\t\t\t\t\t\t\t<img loading=\"lazy\" decoding=\"async\" width=\"1920\" height=\"729\" src=\"https:\/\/gameloop.co\/wp-content\/uploads\/2024\/08\/title_neon_city.jpg\" class=\"attachment-full size-full\" alt=\"\" srcset=\"https:\/\/gameloop.co\/wp-content\/uploads\/2024\/08\/title_neon_city.jpg 1920w, https:\/\/gameloop.co\/wp-content\/uploads\/2024\/08\/title_neon_city-300x114.jpg 300w, https:\/\/gameloop.co\/wp-content\/uploads\/2024\/08\/title_neon_city-1024x389.jpg 1024w, https:\/\/gameloop.co\/wp-content\/uploads\/2024\/08\/title_neon_city-768x292.jpg 768w, https:\/\/gameloop.co\/wp-content\/uploads\/2024\/08\/title_neon_city-1536x583.jpg 1536w\" sizes=\"auto, (max-width: 1920px) 100vw, 1920px\" \/>\t\t\t\t\t\t\t\t\t<\/div>\n\t\t\t<\/div>\n\t\t\t\t\t\t\t\t<div class=\"edgtf-ig-image edgtf-item-space \">\n\t\t\t\t<div class=\"edgtf-ig-image-inner\">\n\t\t\t\t\t\t\t\t\t\t\t<img loading=\"lazy\" decoding=\"async\" width=\"1920\" height=\"540\" src=\"https:\/\/gameloop.co\/wp-content\/uploads\/2024\/08\/title_xatanf3_2.jpg\" class=\"attachment-full size-full\" alt=\"\" srcset=\"https:\/\/gameloop.co\/wp-content\/uploads\/2024\/08\/title_xatanf3_2.jpg 1920w, https:\/\/gameloop.co\/wp-content\/uploads\/2024\/08\/title_xatanf3_2-300x84.jpg 300w, https:\/\/gameloop.co\/wp-content\/uploads\/2024\/08\/title_xatanf3_2-1024x288.jpg 1024w, https:\/\/gameloop.co\/wp-content\/uploads\/2024\/08\/title_xatanf3_2-768x216.jpg 768w, https:\/\/gameloop.co\/wp-content\/uploads\/2024\/08\/title_xatanf3_2-1536x432.jpg 1536w\" sizes=\"auto, (max-width: 1920px) 100vw, 1920px\" \/>\t\t\t\t\t\t\t\t\t<\/div>\n\t\t\t<\/div>\n\t\t\t\t\t\t\t\t<div class=\"edgtf-ig-image edgtf-item-space \">\n\t\t\t\t<div class=\"edgtf-ig-image-inner\">\n\t\t\t\t\t\t\t\t\t\t\t<img loading=\"lazy\" decoding=\"async\" width=\"1024\" height=\"768\" src=\"https:\/\/gameloop.co\/wp-content\/uploads\/2024\/08\/home_21.jpg\" class=\"attachment-full size-full\" alt=\"\" srcset=\"https:\/\/gameloop.co\/wp-content\/uploads\/2024\/08\/home_21.jpg 1024w, https:\/\/gameloop.co\/wp-content\/uploads\/2024\/08\/home_21-300x225.jpg 300w, https:\/\/gameloop.co\/wp-content\/uploads\/2024\/08\/home_21-768x576.jpg 768w\" sizes=\"auto, (max-width: 1024px) 100vw, 1024px\" \/>\t\t\t\t\t\t\t\t\t<\/div>\n\t\t\t<\/div>\n\t\t\t\t\t\t\t\t<div class=\"edgtf-ig-image edgtf-item-space \">\n\t\t\t\t<div class=\"edgtf-ig-image-inner\">\n\t\t\t\t\t\t\t\t\t\t\t<img loading=\"lazy\" decoding=\"async\" width=\"2560\" height=\"1439\" src=\"https:\/\/gameloop.co\/wp-content\/uploads\/2020\/12\/logo600black-01-scaled.jpg\" class=\"attachment-full size-full\" alt=\"\" srcset=\"https:\/\/gameloop.co\/wp-content\/uploads\/2020\/12\/logo600black-01-scaled.jpg 2560w, https:\/\/gameloop.co\/wp-content\/uploads\/2020\/12\/logo600black-01-300x169.jpg 300w, https:\/\/gameloop.co\/wp-content\/uploads\/2020\/12\/logo600black-01-1024x576.jpg 1024w, https:\/\/gameloop.co\/wp-content\/uploads\/2020\/12\/logo600black-01-768x432.jpg 768w, https:\/\/gameloop.co\/wp-content\/uploads\/2020\/12\/logo600black-01-1536x864.jpg 1536w, https:\/\/gameloop.co\/wp-content\/uploads\/2020\/12\/logo600black-01-600x337.jpg 600w\" sizes=\"auto, (max-width: 2560px) 100vw, 2560px\" \/>\t\t\t\t\t\t\t\t\t<\/div>\n\t\t\t<\/div>\n\t\t\t\t\t\t\t\t<div class=\"edgtf-ig-image edgtf-item-space \">\n\t\t\t\t<div class=\"edgtf-ig-image-inner\">\n\t\t\t\t\t\t\t\t\t\t\t<img loading=\"lazy\" decoding=\"async\" width=\"1920\" height=\"1080\" src=\"https:\/\/gameloop.co\/wp-content\/uploads\/2023\/11\/slider_home_pasajeros.jpg\" class=\"attachment-full size-full\" alt=\"\" srcset=\"https:\/\/gameloop.co\/wp-content\/uploads\/2023\/11\/slider_home_pasajeros.jpg 1920w, https:\/\/gameloop.co\/wp-content\/uploads\/2023\/11\/slider_home_pasajeros-300x169.jpg 300w, https:\/\/gameloop.co\/wp-content\/uploads\/2023\/11\/slider_home_pasajeros-1024x576.jpg 1024w, https:\/\/gameloop.co\/wp-content\/uploads\/2023\/11\/slider_home_pasajeros-768x432.jpg 768w, https:\/\/gameloop.co\/wp-content\/uploads\/2023\/11\/slider_home_pasajeros-1536x864.jpg 1536w\" sizes=\"auto, (max-width: 1920px) 100vw, 1920px\" \/>\t\t\t\t\t\t\t\t\t<\/div>\n\t\t\t<\/div>\n\t\t\t\t\t\t\t\t<div class=\"edgtf-ig-image edgtf-item-space \">\n\t\t\t\t<div class=\"edgtf-ig-image-inner\">\n\t\t\t\t\t\t\t\t\t\t\t<img loading=\"lazy\" decoding=\"async\" width=\"350\" height=\"98\" src=\"https:\/\/gameloop.co\/wp-content\/uploads\/2020\/12\/logo_header.png\" class=\"attachment-full size-full\" alt=\"\" srcset=\"https:\/\/gameloop.co\/wp-content\/uploads\/2020\/12\/logo_header.png 350w, https:\/\/gameloop.co\/wp-content\/uploads\/2020\/12\/logo_header-300x84.png 300w\" sizes=\"auto, (max-width: 350px) 100vw, 350px\" \/>\t\t\t\t\t\t\t\t\t<\/div>\n\t\t\t<\/div>\n\t\t\t\t\t\t\t\t<div class=\"edgtf-ig-image edgtf-item-space \">\n\t\t\t\t<div class=\"edgtf-ig-image-inner\">\n\t\t\t\t\t\t\t\t\t\t\t<img loading=\"lazy\" decoding=\"async\" width=\"1600\" height=\"900\" src=\"https:\/\/gameloop.co\/wp-content\/uploads\/2018\/08\/logo_mi_teatro.jpg\" class=\"attachment-full size-full\" alt=\"\" srcset=\"https:\/\/gameloop.co\/wp-content\/uploads\/2018\/08\/logo_mi_teatro.jpg 1600w, https:\/\/gameloop.co\/wp-content\/uploads\/2018\/08\/logo_mi_teatro-600x338.jpg 600w, https:\/\/gameloop.co\/wp-content\/uploads\/2018\/08\/logo_mi_teatro-300x169.jpg 300w, https:\/\/gameloop.co\/wp-content\/uploads\/2018\/08\/logo_mi_teatro-1024x576.jpg 1024w, https:\/\/gameloop.co\/wp-content\/uploads\/2018\/08\/logo_mi_teatro-768x432.jpg 768w, https:\/\/gameloop.co\/wp-content\/uploads\/2018\/08\/logo_mi_teatro-1536x864.jpg 1536w\" sizes=\"auto, (max-width: 1600px) 100vw, 1600px\" \/>\t\t\t\t\t\t\t\t\t<\/div>\n\t\t\t<\/div>\n\t\t\t<\/div>\n<\/div>[\/vc_column][\/vc_row]<\/p>\n","protected":false},"excerpt":{"rendered":"<p>[vc_row][vc_column][\/vc_column][\/vc_row][vc_row row_content_width=\u00bbgrid\u00bb bg_image_repeat=\u00bbcover\u00bb vertical_align=\u00bbmiddle\u00bb center_content=\u00bbyes\u00bb bg_color=\u00bb\u00bb bg_image=\u00bb759&#8243;][vc_column][vc_empty_space][vc_column_text]Somos una empresa colombiana que se fund\u00f3 en 2019 a partir del inter\u00e9s de explorar las posibilidades del videojuego como lenguaje, como medio de expresi\u00f3n y como una herramienta de representaci\u00f3n cultural. Los proyectos que desarrollamos tienen un objetivo acad\u00e9mico y cultural, siempre mediados por la curiosidad [&hellip;]<\/p>\n","protected":false},"author":1,"featured_media":0,"parent":0,"menu_order":0,"comment_status":"closed","ping_status":"closed","template":"","meta":{"footnotes":""},"class_list":["post-206875","page","type-page","status-publish","hentry"],"_links":{"self":[{"href":"https:\/\/gameloop.co\/es\/wp-json\/wp\/v2\/pages\/206875","targetHints":{"allow":["GET"]}}],"collection":[{"href":"https:\/\/gameloop.co\/es\/wp-json\/wp\/v2\/pages"}],"about":[{"href":"https:\/\/gameloop.co\/es\/wp-json\/wp\/v2\/types\/page"}],"author":[{"embeddable":true,"href":"https:\/\/gameloop.co\/es\/wp-json\/wp\/v2\/users\/1"}],"replies":[{"embeddable":true,"href":"https:\/\/gameloop.co\/es\/wp-json\/wp\/v2\/comments?post=206875"}],"version-history":[{"count":12,"href":"https:\/\/gameloop.co\/es\/wp-json\/wp\/v2\/pages\/206875\/revisions"}],"predecessor-version":[{"id":207157,"href":"https:\/\/gameloop.co\/es\/wp-json\/wp\/v2\/pages\/206875\/revisions\/207157"}],"wp:attachment":[{"href":"https:\/\/gameloop.co\/es\/wp-json\/wp\/v2\/media?parent=206875"}],"curies":[{"name":"wp","href":"https:\/\/api.w.org\/{rel}","templated":true}]}}