{"id":207090,"date":"2024-08-25T21:52:16","date_gmt":"2024-08-25T21:52:16","guid":{"rendered":"https:\/\/gameloop.co\/?page_id=207090"},"modified":"2024-11-12T05:12:23","modified_gmt":"2024-11-12T05:12:23","slug":"xantaf3","status":"publish","type":"page","link":"https:\/\/gameloop.co\/es\/xantaf3\/","title":{"rendered":"Xantaf3"},"content":{"rendered":"<p>[vc_row][vc_column][vc_empty_space][vc_column_text]<\/p>\n<h4><em>\u00abNosotros te acogemos y te hacemos un favor, pero debes devolverlo en el momento en que se te pida, sin preguntas ni dudas.\u00bb <\/em><\/h4>\n<p>[\/vc_column_text][vc_column_text]<\/p>\n<p>A trav\u00e9s del universo ciberpunk de XANTAF3 nos sumergimos en una sociedad llena de personajes que capturan la esencia de lo que ha sido, es y ser\u00e1 Bogot\u00e1.<\/p>\n<p>[\/vc_column_text][\/vc_column][\/vc_row][vc_row][vc_column][vc_empty_space][\/vc_column][\/vc_row][vc_row][vc_column][vc_column_text]XANTAF3 es un videojuego narrativo de investigaci\u00f3n que mezcla elementos <em>ciberpunks <\/em>y de novela negra. Al asumir el rol de Bet0 \u2014el protagonista\u2014, el jugador podr\u00e1 explorar las complejidades de su vida personal, as\u00ed como avanzar en la investigaci\u00f3n de casos y desvelar diferentes aspectos de esta sociedad enmarcada en el universo de una Bogot\u00e1 futurista.<\/p>\n<p>El videojuego explora varias subtramas, con investigaciones y diferentes finales seg\u00fan las elecciones que realice cada jugador. La trama gira en torno a un gran enigma: la desaparici\u00f3n de Cisco Droza, CEO de la gigantesca empresa de miner\u00eda espacial UWA, cuya muerte ocurri\u00f3 hace 15 a\u00f1os, pero se mantuvo en secreto porque su conciencia fue transferida a una m\u00e1quina. Su algoritmo espiritual continu\u00f3 dirigiendo la empresa con \u00e9xito, convirti\u00e9ndola en l\u00edder del segmento. Sin embargo, una noche de tormenta, su presencia desapareci\u00f3 del sistema. \u00bfFue robado? \u00bfFue asesinado? \u00bfSe trat\u00f3 de un sabotaje industrial? Incluso se plantea la pregunta: \u00bfse puede hablar de asesinato si la persona ya estaba muerta?<\/p>\n<p>Estas preguntas, que cuestionan el significado mismo de lo que nos hace humanos, surgir\u00e1n durante la investigaci\u00f3n, mientras Lucrecia \u2014hija de Cisco\u2014, se acerca a Bet0 para ayudarlo en la pesquisa o, tal vez, \u00a1para impedirlo! La trama se desarrolla en un juego de pistas en el que Bet0 deber\u00e1 descubrir la verdad detr\u00e1s de la desaparici\u00f3n de Cisco Droza, enfrentando peligros, traiciones y revelaciones en el camino. \u00a1El destino de la ciudad, de la comunidad de XANTAF3 y de Bet0, depender\u00e1 de las decisiones que se tomen durante el juego![\/vc_column_text][\/vc_column][\/vc_row][vc_row][vc_column][vc_empty_space][\/vc_column][\/vc_row][vc_row][vc_column][vc_single_image image=\u00bb207100&#8243; img_size=\u00bbfull\u00bb alignment=\u00bbcenter\u00bb css_animation=\u00bbfadeIn\u00bb][\/vc_column][\/vc_row][vc_row][vc_column][vc_empty_space][\/vc_column][\/vc_row][vc_row][vc_column][vc_video link=\u00bbhttps:\/\/youtu.be\/6zg7NfbwI_o?si=gTfHJipL-ngeVIq6&#8243;][\/vc_column][\/vc_row][vc_row][vc_column][vc_empty_space][\/vc_column][\/vc_row][vc_row][vc_column][vc_text_separator title=\u00bbGaleria de imagenes\u00bb i_icon_fontawesome=\u00bbfas fa-photo-video\u00bb i_color=\u00bbcustom\u00bb title_align=\u00bbseparator_align_left\u00bb color=\u00bbcustom\u00bb add_icon=\u00bbtrue\u00bb accent_color=\u00bb#641c94&#8243; i_custom_color=\u00bb#641c94&#8243;][\/vc_column][\/vc_row]<\/p>\n","protected":false},"excerpt":{"rendered":"<p>[vc_row][vc_column][vc_empty_space][vc_column_text] \u00abNosotros te acogemos y te hacemos un favor, pero debes devolverlo en el momento en que se te pida, sin preguntas ni dudas.\u00bb [\/vc_column_text][vc_column_text] A trav\u00e9s del universo ciberpunk de XANTAF3 nos sumergimos en una sociedad llena de personajes que capturan la esencia de lo que ha sido, es y ser\u00e1 Bogot\u00e1. [&hellip;]<\/p>\n","protected":false},"author":1,"featured_media":0,"parent":0,"menu_order":0,"comment_status":"closed","ping_status":"closed","template":"","meta":{"footnotes":""},"class_list":["post-207090","page","type-page","status-publish","hentry"],"_links":{"self":[{"href":"https:\/\/gameloop.co\/es\/wp-json\/wp\/v2\/pages\/207090","targetHints":{"allow":["GET"]}}],"collection":[{"href":"https:\/\/gameloop.co\/es\/wp-json\/wp\/v2\/pages"}],"about":[{"href":"https:\/\/gameloop.co\/es\/wp-json\/wp\/v2\/types\/page"}],"author":[{"embeddable":true,"href":"https:\/\/gameloop.co\/es\/wp-json\/wp\/v2\/users\/1"}],"replies":[{"embeddable":true,"href":"https:\/\/gameloop.co\/es\/wp-json\/wp\/v2\/comments?post=207090"}],"version-history":[{"count":19,"href":"https:\/\/gameloop.co\/es\/wp-json\/wp\/v2\/pages\/207090\/revisions"}],"predecessor-version":[{"id":207191,"href":"https:\/\/gameloop.co\/es\/wp-json\/wp\/v2\/pages\/207090\/revisions\/207191"}],"wp:attachment":[{"href":"https:\/\/gameloop.co\/es\/wp-json\/wp\/v2\/media?parent=207090"}],"curies":[{"name":"wp","href":"https:\/\/api.w.org\/{rel}","templated":true}]}}